{"id":1651,"date":"2017-08-29T09:44:21","date_gmt":"2017-08-29T07:44:21","guid":{"rendered":"http:\/\/www.hergegenootschap.nl\/wp2\/?page_id=1651"},"modified":"2024-12-01T20:47:28","modified_gmt":"2024-12-01T19:47:28","slug":"bibliografie","status":"publish","type":"page","link":"https:\/\/hergegenootschap.nl\/wp2\/herge\/bibliografie\/","title":{"rendered":"Bibliografie"},"content":{"rendered":"<h4 style=\"text-align: center;\">Kuifje<\/h4>\n<p style=\"text-align: left;\">Er zijn 24 Kuifje-albums. &#8216;Kuifje in het land van de Sovjets&#8217; dateert van 1929-1930 en werd door Herg\u00e9 nooit meer herzien. Het maakte dan ook geen deel uit van de &#8216;offici\u00eble&#8217; serie kleurenalbums. In 2017 verscheen het album in kleur. Het laatste album &#8216;Kuifje en de Alfa-kunst&#8217; verscheen postuum &#8211; Herg\u00e9 was er mee bezig toen hij stierf in 1983 en het bestaat voor het grootste deel uit snelle scenario-schetsen.<\/p>\n<p style=\"text-align: left;\"><div id=\"metaslider-id-2576\" style=\"max-width: 363px; margin: 0 auto;\" class=\"ml-slider-3-107-0 metaslider metaslider-flex metaslider-2576 ml-slider ms-theme-default nav-hidden\" role=\"region\" aria-label=\"New Slideshow\" data-height=\"500\" data-width=\"363\">\n    <div id=\"metaslider_container_2576\">\n        <div id=\"metaslider_2576\">\n            <ul class='slides'>\n                <li style=\"display: block; width: 100%;\" class=\"slide-2577 ms-image \" aria-roledescription=\"slide\" data-date=\"2017-12-05 12:45:27\" data-filename=\"01a_sovjets.jpg\" data-slide-type=\"image\"><img fetchpriority=\"high\" decoding=\"async\" src=\"https:\/\/hergegenootschap.nl\/wp2\/wp-content\/uploads\/2017\/12\/01a_sovjets.jpg\" height=\"500\" width=\"363\" alt=\"\" class=\"slider-2576 slide-2577 msDefaultImage\" \/><\/li>\n                <li style=\"display: none; width: 100%;\" class=\"slide-2578 ms-image \" aria-roledescription=\"slide\" data-date=\"2017-12-05 12:45:27\" data-filename=\"02_afrika.jpg\" data-slide-type=\"image\"><img decoding=\"async\" src=\"https:\/\/hergegenootschap.nl\/wp2\/wp-content\/uploads\/2017\/12\/02_afrika.jpg\" height=\"500\" width=\"363\" alt=\"\" class=\"slider-2576 slide-2578 msDefaultImage\" \/><\/li>\n                <li style=\"display: none; width: 100%;\" class=\"slide-2579 ms-image \" aria-roledescription=\"slide\" data-date=\"2017-12-05 12:45:27\" data-filename=\"03_amerika.jpg\" data-slide-type=\"image\"><img decoding=\"async\" src=\"https:\/\/hergegenootschap.nl\/wp2\/wp-content\/uploads\/2017\/12\/03_amerika.jpg\" height=\"500\" width=\"363\" alt=\"\" class=\"slider-2576 slide-2579 msDefaultImage\" \/><\/li>\n                <li style=\"display: none; width: 100%;\" class=\"slide-2601 ms-image \" aria-roledescription=\"slide\" data-date=\"2017-12-05 12:47:11\" data-filename=\"04_sigaren.jpg\" data-slide-type=\"image\"><img loading=\"lazy\" decoding=\"async\" src=\"https:\/\/hergegenootschap.nl\/wp2\/wp-content\/uploads\/2017\/12\/04_sigaren.jpg\" height=\"500\" width=\"363\" alt=\"\" class=\"slider-2576 slide-2601 msDefaultImage\" \/><\/li>\n                <li style=\"display: none; width: 100%;\" class=\"slide-2602 ms-image \" aria-roledescription=\"slide\" data-date=\"2017-12-05 12:47:11\" data-filename=\"05_lotus.jpg\" data-slide-type=\"image\"><img loading=\"lazy\" decoding=\"async\" src=\"https:\/\/hergegenootschap.nl\/wp2\/wp-content\/uploads\/2017\/12\/05_lotus.jpg\" height=\"500\" width=\"363\" alt=\"\" class=\"slider-2576 slide-2602 msDefaultImage\" \/><\/li>\n                <li style=\"display: none; width: 100%;\" class=\"slide-2603 ms-image \" aria-roledescription=\"slide\" data-date=\"2017-12-05 12:47:11\" data-filename=\"06_oor.jpg\" data-slide-type=\"image\"><img loading=\"lazy\" decoding=\"async\" src=\"https:\/\/hergegenootschap.nl\/wp2\/wp-content\/uploads\/2017\/12\/06_oor.jpg\" height=\"500\" width=\"363\" alt=\"\" class=\"slider-2576 slide-2603 msDefaultImage\" \/><\/li>\n                <li style=\"display: none; width: 100%;\" class=\"slide-2604 ms-image \" aria-roledescription=\"slide\" data-date=\"2017-12-05 12:47:12\" data-filename=\"07_rotsen.jpg\" data-slide-type=\"image\"><img loading=\"lazy\" decoding=\"async\" src=\"https:\/\/hergegenootschap.nl\/wp2\/wp-content\/uploads\/2017\/12\/07_rotsen.jpg\" height=\"500\" width=\"363\" alt=\"\" class=\"slider-2576 slide-2604 msDefaultImage\" \/><\/li>\n                <li style=\"display: none; width: 100%;\" class=\"slide-2605 ms-image \" aria-roledescription=\"slide\" data-date=\"2017-12-05 12:47:12\" data-filename=\"08_scepter.jpg\" data-slide-type=\"image\"><img loading=\"lazy\" decoding=\"async\" src=\"https:\/\/hergegenootschap.nl\/wp2\/wp-content\/uploads\/2017\/12\/08_scepter.jpg\" height=\"500\" width=\"363\" alt=\"\" class=\"slider-2576 slide-2605 msDefaultImage\" \/><\/li>\n                <li style=\"display: none; width: 100%;\" class=\"slide-2606 ms-image \" aria-roledescription=\"slide\" data-date=\"2017-12-05 12:47:12\" data-filename=\"09_krab.jpg\" data-slide-type=\"image\"><img loading=\"lazy\" decoding=\"async\" src=\"https:\/\/hergegenootschap.nl\/wp2\/wp-content\/uploads\/2017\/12\/09_krab.jpg\" height=\"500\" width=\"363\" alt=\"\" class=\"slider-2576 slide-2606 msDefaultImage\" \/><\/li>\n                <li style=\"display: none; width: 100%;\" class=\"slide-2607 ms-image \" aria-roledescription=\"slide\" data-date=\"2017-12-05 12:47:12\" data-filename=\"10_ster.jpg\" data-slide-type=\"image\"><img loading=\"lazy\" decoding=\"async\" src=\"https:\/\/hergegenootschap.nl\/wp2\/wp-content\/uploads\/2017\/12\/10_ster.jpg\" height=\"500\" width=\"363\" alt=\"\" class=\"slider-2576 slide-2607 msDefaultImage\" \/><\/li>\n                <li style=\"display: none; width: 100%;\" class=\"slide-2608 ms-image \" aria-roledescription=\"slide\" data-date=\"2017-12-05 12:47:12\" data-filename=\"11_eenhoorn.jpg\" data-slide-type=\"image\"><img loading=\"lazy\" decoding=\"async\" src=\"https:\/\/hergegenootschap.nl\/wp2\/wp-content\/uploads\/2017\/12\/11_eenhoorn.jpg\" height=\"500\" width=\"363\" alt=\"\" class=\"slider-2576 slide-2608 msDefaultImage\" \/><\/li>\n                <li style=\"display: none; width: 100%;\" class=\"slide-2609 ms-image \" aria-roledescription=\"slide\" data-date=\"2017-12-05 12:47:12\" data-filename=\"12_rackham.jpg\" data-slide-type=\"image\"><img loading=\"lazy\" decoding=\"async\" src=\"https:\/\/hergegenootschap.nl\/wp2\/wp-content\/uploads\/2017\/12\/12_rackham.jpg\" height=\"500\" width=\"363\" alt=\"\" class=\"slider-2576 slide-2609 msDefaultImage\" \/><\/li>\n                <li style=\"display: none; width: 100%;\" class=\"slide-2610 ms-image \" aria-roledescription=\"slide\" data-date=\"2017-12-05 12:47:12\" data-filename=\"13_bollen.jpg\" data-slide-type=\"image\"><img loading=\"lazy\" decoding=\"async\" src=\"https:\/\/hergegenootschap.nl\/wp2\/wp-content\/uploads\/2017\/12\/13_bollen.jpg\" height=\"500\" width=\"363\" alt=\"\" class=\"slider-2576 slide-2610 msDefaultImage\" \/><\/li>\n                <li style=\"display: none; width: 100%;\" class=\"slide-2611 ms-image \" aria-roledescription=\"slide\" data-date=\"2017-12-05 12:47:12\" data-filename=\"14_zonnetempel.jpg\" data-slide-type=\"image\"><img loading=\"lazy\" decoding=\"async\" src=\"https:\/\/hergegenootschap.nl\/wp2\/wp-content\/uploads\/2017\/12\/14_zonnetempel.jpg\" height=\"500\" width=\"363\" alt=\"\" class=\"slider-2576 slide-2611 msDefaultImage\" \/><\/li>\n                <li style=\"display: none; width: 100%;\" class=\"slide-2612 ms-image \" aria-roledescription=\"slide\" data-date=\"2017-12-05 12:47:12\" data-filename=\"15_zwarte_goud.jpg\" data-slide-type=\"image\"><img loading=\"lazy\" decoding=\"async\" src=\"https:\/\/hergegenootschap.nl\/wp2\/wp-content\/uploads\/2017\/12\/15_zwarte_goud.jpg\" height=\"500\" width=\"363\" alt=\"\" class=\"slider-2576 slide-2612 msDefaultImage\" \/><\/li>\n                <li style=\"display: none; width: 100%;\" class=\"slide-2613 ms-image \" aria-roledescription=\"slide\" data-date=\"2017-12-05 12:47:12\" data-filename=\"16_raket.jpg\" data-slide-type=\"image\"><img loading=\"lazy\" decoding=\"async\" src=\"https:\/\/hergegenootschap.nl\/wp2\/wp-content\/uploads\/2017\/12\/16_raket.jpg\" height=\"500\" width=\"363\" alt=\"\" class=\"slider-2576 slide-2613 msDefaultImage\" \/><\/li>\n                <li style=\"display: none; width: 100%;\" class=\"slide-2614 ms-image \" aria-roledescription=\"slide\" data-date=\"2017-12-05 12:47:12\" data-filename=\"17_mannen.jpg\" data-slide-type=\"image\"><img loading=\"lazy\" decoding=\"async\" src=\"https:\/\/hergegenootschap.nl\/wp2\/wp-content\/uploads\/2017\/12\/17_mannen.jpg\" height=\"500\" width=\"363\" alt=\"\" class=\"slider-2576 slide-2614 msDefaultImage\" \/><\/li>\n                <li style=\"display: none; width: 100%;\" class=\"slide-2615 ms-image \" aria-roledescription=\"slide\" data-date=\"2017-12-05 12:47:12\" data-filename=\"18_zaak.jpg\" data-slide-type=\"image\"><img loading=\"lazy\" decoding=\"async\" src=\"https:\/\/hergegenootschap.nl\/wp2\/wp-content\/uploads\/2017\/12\/18_zaak.jpg\" height=\"500\" width=\"363\" alt=\"\" class=\"slider-2576 slide-2615 msDefaultImage\" \/><\/li>\n                <li style=\"display: none; width: 100%;\" class=\"slide-2616 ms-image \" aria-roledescription=\"slide\" data-date=\"2017-12-05 12:47:13\" data-filename=\"19_cokes.jpg\" data-slide-type=\"image\"><img loading=\"lazy\" decoding=\"async\" src=\"https:\/\/hergegenootschap.nl\/wp2\/wp-content\/uploads\/2017\/12\/19_cokes.jpg\" height=\"500\" width=\"363\" alt=\"\" class=\"slider-2576 slide-2616 msDefaultImage\" \/><\/li>\n                <li style=\"display: none; width: 100%;\" class=\"slide-2617 ms-image \" aria-roledescription=\"slide\" data-date=\"2017-12-05 12:47:13\" data-filename=\"20_tibet.jpg\" data-slide-type=\"image\"><img loading=\"lazy\" decoding=\"async\" src=\"https:\/\/hergegenootschap.nl\/wp2\/wp-content\/uploads\/2017\/12\/20_tibet.jpg\" height=\"500\" width=\"363\" alt=\"\" class=\"slider-2576 slide-2617 msDefaultImage\" \/><\/li>\n                <li style=\"display: none; width: 100%;\" class=\"slide-2618 ms-image \" aria-roledescription=\"slide\" data-date=\"2017-12-05 12:47:13\" data-filename=\"21_juwelen.jpg\" data-slide-type=\"image\"><img loading=\"lazy\" decoding=\"async\" src=\"https:\/\/hergegenootschap.nl\/wp2\/wp-content\/uploads\/2017\/12\/21_juwelen.jpg\" height=\"500\" width=\"363\" alt=\"\" class=\"slider-2576 slide-2618 msDefaultImage\" \/><\/li>\n                <li style=\"display: none; width: 100%;\" class=\"slide-2619 ms-image \" aria-roledescription=\"slide\" data-date=\"2017-12-05 12:47:13\" data-filename=\"22_vlucht.jpg\" data-slide-type=\"image\"><img loading=\"lazy\" decoding=\"async\" src=\"https:\/\/hergegenootschap.nl\/wp2\/wp-content\/uploads\/2017\/12\/22_vlucht.jpg\" height=\"500\" width=\"363\" alt=\"\" class=\"slider-2576 slide-2619 msDefaultImage\" \/><\/li>\n                <li style=\"display: none; width: 100%;\" class=\"slide-2620 ms-image \" aria-roledescription=\"slide\" data-date=\"2017-12-05 12:47:13\" data-filename=\"23_picaros.jpg\" data-slide-type=\"image\"><img loading=\"lazy\" decoding=\"async\" src=\"https:\/\/hergegenootschap.nl\/wp2\/wp-content\/uploads\/2017\/12\/23_picaros.jpg\" height=\"500\" width=\"363\" alt=\"\" class=\"slider-2576 slide-2620 msDefaultImage\" \/><\/li>\n                <li style=\"display: none; width: 100%;\" class=\"slide-2621 ms-image \" aria-roledescription=\"slide\" data-date=\"2017-12-05 12:47:13\" data-filename=\"24_alfa.jpg\" data-slide-type=\"image\"><img loading=\"lazy\" decoding=\"async\" src=\"https:\/\/hergegenootschap.nl\/wp2\/wp-content\/uploads\/2017\/12\/24_alfa.jpg\" height=\"500\" width=\"363\" alt=\"\" class=\"slider-2576 slide-2621 msDefaultImage\" \/><\/li>\n            <\/ul>\n        <\/div>\n        \n    <\/div>\n<\/div><\/p>\n<p>&nbsp;<\/p>\n<h4 style=\"text-align: center;\">Jo, Suus en Jokko<\/h4>\n<p style=\"text-align: left;\">Er verschenen slechts vijf albums in deze serie. Herg\u00e9 bedacht de strip op aandringen van de priesters die het Franse blad &#8216;Coeurs Vaillants&#8217; bestuurden. Zij publiceerden de verhalen van Kuifje, maar vonden een strip over een degelijk gezin wat gezonder voor de geestesgesteldheid van hun jeugdige lezers. Herg\u00e9 zelf had een hekel aan het maken van de strip: een gezin is een rem op het avontuur.<\/p>\n<h4 style=\"text-align: center;\">Quick en Flupke<\/h4>\n<p style=\"text-align: left;\">Herg\u00e9 maakte de strips over Quick en Flupke in de jaren 1930. De strips beleefden verschillende uitgaven: zwartwit albums (in het Frans), na de oorlog kleurenalbums (in de spelling &#8216;Kwik en Flupke&#8217;) en de serie hieronder, in de jaren 1980 grotendeels hertekend en aangevuld met nieuwe verhalen van de Studios Herg\u00e9, met name door Johan de Moor.<\/p>\n<h4 style=\"text-align: center;\">Biografie\u00ebn<\/h4>\n<p>In de loop van de jaren verschenen er talloze biografie\u00ebn en studies over Herg\u00e9 en Kuifje. Wij maakten een heel bondige selectie van het beste wat er verscheen &#8211; in chronologische volgorde.<\/p>\n<p>Dit is misschien ook wel de plaats om een Nederlandse pionier op het gebied van de Kuifje-geleerdheid enige eer te bewijzen. In een tijd dat de Kuifje-wetenschap nog in de kinderschoenen stond, schreef <strong>Har Brok<\/strong> talloze artikelen over Kuifje: over de wijze waarop Herg\u00e9 communiceert met de lezer, door de compositie van zijn verhalen, zijn pagina&#8217;s en de individuele plaatjes, over hoe Herg\u00e9 een band weet te scheppen met zijn lezers door de albums naar elkaar te laten verwijzen, over de achtergronden van de Kuifje verhalen en nog veel, veel meer. Veel van wat we nu als gesneden koek beschouwen, heeft zijn oorsprong in het werk van Har. Wie-o-wie stort zich eens op de &#8216;Verzamelde werken van Har Brok&#8217;?<\/p>\n<p><img loading=\"lazy\" decoding=\"async\" class=\"alignnone size-full wp-image-1749\" src=\"https:\/\/hergegenootschap.nl\/wp2\/wp-content\/uploads\/2017\/08\/sadoul.jpg\" alt=\"\" width=\"230\" height=\"300\" \/><br \/>\nWe zullen ons beperken tot Nederlandstalige uitgaven, maar we starten met een uitzondering. Begin jaren 1970 werd Herg\u00e9 uitgebreid ge\u00efnterviewd door een Franse student, <strong>Numa Sadoul<\/strong>. Het boek &#8216;<strong>Entretiens avec Herg\u00e9<\/strong>&#8216; (met als ondertitel &#8216;Tintin et moi&#8217;) verscheen in 1975. Het boek geldt als een belangrijke brontekst om beweegredenen en denkbeelden van Herg\u00e9 te duiden. Op basis van de geluidsbanden van de interviews maakte de Deen Anders Ostergaard in 2006 de film &#8216;Tintin et moi&#8217;, ook beschikbaar met Nederlandse ondertiteling. Voor Numa Sadoul was dit boek een flitsstart van een hele reeks interviewboeken met de top van de stripwereld (Franquin, Giraud, Uderzo, Tardi).<\/p>\n<p><img loading=\"lazy\" decoding=\"async\" class=\"alignnone size-full wp-image-1747\" src=\"https:\/\/hergegenootschap.nl\/wp2\/wp-content\/uploads\/2017\/08\/peeters_1.jpg\" alt=\"\" width=\"204\" height=\"300\" \/><br \/>\nDe Fransman <strong>Beno\u00eet Peeters<\/strong> schreef heel veel over Herg\u00e9 en Kuifje (en over strips in het algemeen). Vlak na het overlijden van Herg\u00e9 verscheen eind 1983 van zijn hand &#8216;<strong>De wereld van Herg\u00e9<\/strong>&#8216;. Het is nog altijd een goede introductie tot het werk en leven van Herg\u00e9 en in het boek vind je ook het laatste interview met Herg\u00e9. Een geweldig boek van Peeters is ook &#8216;Les bijoux ravis&#8217;, waarin hij het Kuifje &#8211; album &#8216;De juwelen van Bianca Castafiore&#8217; plaatjes voor plaatje analyseert. Peeters is ook scenarist van diverse strips, de bekendste zijn de albums in de &#8216;Duistere Steden&#8217;-reeks, getekend door Fran\u00e7ois Schuiten.<\/p>\n<p><img loading=\"lazy\" decoding=\"async\" class=\"alignnone size-full wp-image-1750\" src=\"https:\/\/hergegenootschap.nl\/wp2\/wp-content\/uploads\/2017\/08\/thompson.jpg\" alt=\"\" width=\"206\" height=\"300\" \/><br \/>\nIn 1991 verscheen <strong>Harry Thompson<\/strong>&#8217;s &#8216;<strong>Herg\u00e9- Kuifje: een dubbelbiografie<\/strong>&#8216; (Balans\/Kritak). Vlot geschreven, dat wel, maar vol met grote en kleine foutjes. Een introductie voor de echte Kuifje-beginner, maar meer ook niet.<\/p>\n<p><img loading=\"lazy\" decoding=\"async\" class=\"alignnone size-full wp-image-1746\" src=\"https:\/\/hergegenootschap.nl\/wp2\/wp-content\/uploads\/2017\/08\/opstal.jpg\" alt=\"\" width=\"238\" height=\"300\" \/><br \/>\nIn dit overzicht mag ook het werk &#8216;<strong>Essay RG<\/strong>&#8216; van <strong>Huib van Opstal<\/strong> uit 1994 niet ontbreken. Het boek is een uitgebreide studie naar het werk van de jonge Herg\u00e9. Van Opstal toont overtuigend aan dat Herg\u00e9 als een spons beelden en situaties uit boeken, films, reclames en tijdschiften opnam en deze in zijn verhalen verwerkte. E\u00e9n van de weinige (het enige?) Nederlandse boeken die het schopte tot een Franse vertaling &#8211; verdiend.<\/p>\n<p><img loading=\"lazy\" decoding=\"async\" class=\"alignnone size-full wp-image-1744\" src=\"https:\/\/hergegenootschap.nl\/wp2\/wp-content\/uploads\/2017\/08\/assouline.jpg\" alt=\"\" width=\"196\" height=\"300\" \/><br \/>\nEr zijn een paar &#8216;grote&#8217; biografie\u00ebn geschreven. De eerste was &#8216;<strong>Herg\u00e9 &#8211; biografie<\/strong>&#8216; (Meulenhoff\/Kritak) van de Fransman <strong>Pierre Assouline<\/strong>, oorspronkelijk verschenen in 1996. Assouline legt de nadruk op de oorlogsjaren en maakt hier en daar een flinke miskleun, maar is nog altijd de moeite waard.<\/p>\n<p><img loading=\"lazy\" decoding=\"async\" class=\"alignnone size-full wp-image-1748\" src=\"https:\/\/hergegenootschap.nl\/wp2\/wp-content\/uploads\/2017\/08\/peeters_2.jpg\" alt=\"\" width=\"188\" height=\"300\" \/><br \/>\nVan de eerder genoemde <strong>Beno\u00eet Peeters<\/strong> verscheen in 2002 een &#8216;grote&#8217; biografie: &#8216;<strong>Herg\u00e9, zoon van Kuifje<\/strong>&#8216; (Atlas). Deze biografie valt op door de prettige stijl. Peeters ontwikkelt een interessant idee: hoe Herg\u00e9 zich via zijn creatie Kuifje vrijmaakt uit zijn benepen katholieke, burgerlijke bestaan en zich ontwikkelt tot een tolerante, vrijdenkende wereldburger. Misschien wel de meest geschikte biografie om mee te beginnen?<\/p>\n<p><img loading=\"lazy\" decoding=\"async\" class=\"alignnone size-full wp-image-1745\" src=\"https:\/\/hergegenootschap.nl\/wp2\/wp-content\/uploads\/2017\/08\/goddin.jpg\" alt=\"\" width=\"191\" height=\"300\" \/><br \/>\nAls je je wilt verdiepen in Herg\u00e9, ontkom je niet aan het werk van <strong>Philippe Goddin<\/strong>. Hij is de archivaris, de systematische chroniqueur van het leven en werk van Herg\u00e9. In 2007 verscheen zijn grote biografie &#8216;<strong>Herg\u00e9, levenslijnen<\/strong>&#8216; (Oog en Blik). De nauwkeurigheid, precisie en compleetheid zijn onovertroffen, maar maken het ook een ietwat droge biografie. Helaas heeft de Nederlandse vertaling te lijden van een slordige en Vlaams aandoende vertaling. Goddin schreef nog veel meer over Herg\u00e9; zijn zevendelige serie &#8216;Chronologie d&#8217;une oeuvre&#8217; is een prachtig museum van papier.<\/p>\n<p><em>Auteur: Roger Klaassen<\/em><\/p>\n<p style=\"text-align: center;\">\u00a0 &#8212;-<\/p>\n<p style=\"text-align: left;\">Zie verder:<\/p>\n<ul style=\"text-align: left;\">\n<li>\u00a0<a href=\"https:\/\/www.bibliotheek.nl\/catalogus.catalogus.html?q=kuifje&amp;d=dcterms:subject%7CKuifje%20(stripfiguur)\">de Bibliotheek<\/a>\u00a0&#8211;\u00a0Zoekresultaten voor &#8220;Kuifje&#8221;<\/li>\n<\/ul>\n<p>En specifiek over &#8220;de onvoltooide&#8221;:<\/p>\n<ul>\n<li><em>Tijdens de voorbereidingen van het vierentwintigste Kuifje-album (Kuifje en de Alfa-kunst) overleed Herg\u00e9. Van dit verhaal &#8211; over de handel in kunstvervalsingen en een mysterieuze sekte &#8211; bleven ruwe schetsen, een onaf scenario en enkele pagina&#8217;s over. Hiervan verscheen in 1986 een facsimile-uitgave. Verschillende tekenaars hebben het album alsnog voltooid en uitgegeven. In 1988 verscheen een anonieme editie van *Tintin et**l&#8217;Alph-art*. Bekender is de versie (1995) van de Canadese tekenaar Yves Rodier. Van zijn interpretatie bestaan verschillende edities; alle pagina\u2019s daarvan zijn te bekijken op\u00a0<a href=\"https:\/\/www.youtube.com\/watch?v=svAm-4jBmBw\">internet<\/a>. Met Studio Herg\u00e9 heeft Rodier gesproken over een gezamenlijke offici\u00eble versie van het album. Omdat Herg\u00e9\u2019s weduwe geen toestemming wilde geven is het zover nooit gekomen.\u00a0\u00a0<\/em>Bron:\u00a0<a href=\"https:\/\/www.kb.nl\/themas\/kinderboeken-en-strips\/strips\/kuifje\">Koninklijke Bibliotheek<\/a><\/li>\n<li><a href=\"https:\/\/nl.wikipedia.org\/wiki\/Kuifje_en_de_Alfa-kunst\">Kuifje en de Alfa-kunst<\/a>\u00a0&#8211; Wikipedia<\/li>\n<li><a href=\"https:\/\/fvdwaa.home.xs4all.nl\/art\/vk0160.htm\">Duizend bommen en granaten, toch (g)een eind aan Kuifje<\/a>\u00a0&#8211; Frits van der Waa<\/li>\n<li><a href=\"http:\/\/strips.clubs.nl\/nieuws\/detail\/299340_de-onvoltooide-van-herge-kuifje-en-de-alfakunst-opnieuw-uit\">De onvoltooide van Herg\u00e9 ,,Kuifje en de alfakunst&#8221; opnieuw uit<\/a>\u00a0&#8211;\u00a0Marcel van Nieuwenborgh<\/li>\n<li><a href=\"http:\/\/thing.desk.nl\/bilwet\/TXT\/KUIFJE.ASC.txt\">Over Herge en de Alfa-kunst<\/a>\u00a0&#8211; Bilwet<\/li>\n<li><a href=\"https:\/\/berichtenuithetverleden.wordpress.com\/2013\/07\/17\/kuifje-en-de-alpha-kunst-tintin-et-lalph-art-1986\/\">Kuifje en de Alpha Kunst \u2013 Tintin et l\u2019Alph\u2019 Art (1986)<\/a>\u00a0&#8211; joski64<\/li>\n<\/ul>\n<p style=\"text-align: center;\"><em>Jacques Heemskerk<\/em><\/p>\n","protected":false},"excerpt":{"rendered":"<p>Kuifje Er zijn 24 Kuifje-albums. &#8216;Kuifje in het land van de Sovjets&#8217; dateert van 1929-1930 en werd door Herg\u00e9 nooit meer herzien. Het maakte dan ook geen deel uit van&hellip;<\/p>\n","protected":false},"author":1,"featured_media":0,"parent":1818,"menu_order":0,"comment_status":"closed","ping_status":"closed","template":"page-sidebar.php","meta":{"_lmt_disableupdate":"","_lmt_disable":"","footnotes":""},"class_list":["post-1651","page","type-page","status-publish","hentry"],"_links":{"self":[{"href":"https:\/\/hergegenootschap.nl\/wp2\/wp-json\/wp\/v2\/pages\/1651","targetHints":{"allow":["GET"]}}],"collection":[{"href":"https:\/\/hergegenootschap.nl\/wp2\/wp-json\/wp\/v2\/pages"}],"about":[{"href":"https:\/\/hergegenootschap.nl\/wp2\/wp-json\/wp\/v2\/types\/page"}],"author":[{"embeddable":true,"href":"https:\/\/hergegenootschap.nl\/wp2\/wp-json\/wp\/v2\/users\/1"}],"replies":[{"embeddable":true,"href":"https:\/\/hergegenootschap.nl\/wp2\/wp-json\/wp\/v2\/comments?post=1651"}],"version-history":[{"count":31,"href":"https:\/\/hergegenootschap.nl\/wp2\/wp-json\/wp\/v2\/pages\/1651\/revisions"}],"predecessor-version":[{"id":4069,"href":"https:\/\/hergegenootschap.nl\/wp2\/wp-json\/wp\/v2\/pages\/1651\/revisions\/4069"}],"up":[{"embeddable":true,"href":"https:\/\/hergegenootschap.nl\/wp2\/wp-json\/wp\/v2\/pages\/1818"}],"wp:attachment":[{"href":"https:\/\/hergegenootschap.nl\/wp2\/wp-json\/wp\/v2\/media?parent=1651"}],"curies":[{"name":"wp","href":"https:\/\/api.w.org\/{rel}","templated":true}]}}